{"id":36,"date":"2026-02-03T10:55:05","date_gmt":"2026-02-03T10:55:05","guid":{"rendered":"https:\/\/wanderer.art\/?page_id=36"},"modified":"2026-02-15T18:17:20","modified_gmt":"2026-02-15T18:17:20","slug":"a-propos","status":"publish","type":"page","link":"https:\/\/wanderer.art\/fr\/a-propos\/","title":{"rendered":"\u00c0 propos"},"content":{"rendered":"<div class=\"wp-block-image is-style-default wp-duotone-unset-1\">\n<figure class=\"alignright size-full is-resized has-custom-border\"><img loading=\"lazy\" decoding=\"async\" width=\"2560\" height=\"1920\" src=\"https:\/\/wanderer.art\/wp-content\/uploads\/2026\/02\/Bio-profil-scaled.jpg\" alt=\"\" class=\"has-border-color wp-image-978\" style=\"border-color:var(--nv-primary-accent);border-width:2px;border-top-left-radius:3px;border-top-right-radius:3px;border-bottom-left-radius:3px;border-bottom-right-radius:3px;aspect-ratio:1.329277566539924;width:439px;height:auto\" srcset=\"https:\/\/wanderer.art\/wp-content\/uploads\/2026\/02\/Bio-profil-scaled.jpg 2560w, https:\/\/wanderer.art\/wp-content\/uploads\/2026\/02\/Bio-profil-300x225.jpg 300w, https:\/\/wanderer.art\/wp-content\/uploads\/2026\/02\/Bio-profil-1024x768.jpg 1024w, https:\/\/wanderer.art\/wp-content\/uploads\/2026\/02\/Bio-profil-768x576.jpg 768w, https:\/\/wanderer.art\/wp-content\/uploads\/2026\/02\/Bio-profil-1536x1152.jpg 1536w, https:\/\/wanderer.art\/wp-content\/uploads\/2026\/02\/Bio-profil-2048x1536.jpg 2048w\" sizes=\"auto, (max-width: 2560px) 100vw, 2560px\" \/><\/figure>\n<\/div>\n\n\n<p class=\"has-drop-cap\" style=\"border-style:none;border-width:0px\">L\u2019aventure commence \u00e0 l\u2019\u00e9t\u00e9 2019, \u00e0 l\u2019un de ces carrefours que la vie met parfois sur notre chemin. Du changement, un d\u00e9m\u00e9nagement \u00e0 la campagne et une envie de d\u00e9couvrir les for\u00eats et d\u2019explorer les chemins qui partaient de chez moi&#8230; et pour y donner du sens, j\u2019ai l\u2019id\u00e9e de me commander un appareil photo. Je ne pense pas qu\u2019un seul jour soit pass\u00e9 depuis sans que l\u2019on ne puisse y trouver un lien avec la photographie.<\/p>\n\n\n\n<p>Je me souviens qu\u2019au d\u00e9but, cet appareil photo \u00e9tait mon pr\u00e9texte pour mettre le nez dehors. Et puis \u00e0 force, c\u2019est devenu la raison principale de mes excursions. Je pense que maintenant on est devenu un tout lui et moi, \u00eatre dehors avec mon appareil fait simplement partie de ma vie.<\/p>\n\n\n\n<h4 class=\"wp-block-heading\">Photographie macro et araign\u00e9es<\/h4>\n\n\n\n<p>Depuis ma toute premi\u00e8re sortie photo, j\u2019ai \u00e9t\u00e9 attir\u00e9 par ce que l\u2019objectif me permettait d\u2019appr\u00e9cier mieux qu\u2019avec mes seuls yeux. Les petites b\u00eates sur le bord du chemin, les champignons sous la pluie, la ros\u00e9e de l\u2019aube sur les toiles d\u2019araign\u00e9e&#8230;<\/p>\n\n\n<div class=\"wp-block-image\">\n<figure class=\"alignleft size-full is-resized has-custom-border\"><img loading=\"lazy\" decoding=\"async\" width=\"1200\" height=\"1600\" src=\"https:\/\/wanderer.art\/wp-content\/uploads\/2026\/02\/Bio-work.jpg\" alt=\"\" class=\"has-border-color wp-image-980\" style=\"border-color:var(--nv-primary-accent);border-width:2px;border-top-left-radius:3px;border-top-right-radius:3px;border-bottom-left-radius:3px;border-bottom-right-radius:3px;aspect-ratio:0.7517269184249429;width:490px;height:auto\" srcset=\"https:\/\/wanderer.art\/wp-content\/uploads\/2026\/02\/Bio-work.jpg 1200w, https:\/\/wanderer.art\/wp-content\/uploads\/2026\/02\/Bio-work-225x300.jpg 225w, https:\/\/wanderer.art\/wp-content\/uploads\/2026\/02\/Bio-work-768x1024.jpg 768w, https:\/\/wanderer.art\/wp-content\/uploads\/2026\/02\/Bio-work-1152x1536.jpg 1152w\" sizes=\"auto, (max-width: 1200px) 100vw, 1200px\" \/><\/figure>\n<\/div>\n\n\n<p>Mais ce n\u2019est que lors de l\u2019\u00e9t\u00e9 2021 que je d\u00e9couvre r\u00e9ellement la photographie macro et toutes ses possibilit\u00e9s. J\u2019ai \u00e9t\u00e9 comme absorb\u00e9, tous ces d\u00e9tails, tout ce monde inconnu de b\u00eates plus \u00e9tranges les unes que les autres, et pour tout dire, qui m\u2019effrayaient tant auparavant&#8230; Car oui, j\u2019ai toujours eu peur des insectes, mais surtout des araign\u00e9es. J\u2019ai \u00e9t\u00e9, et je suis s\u00fbrement encore dans une certaine mesure, un arachnophobe. Mais j\u2019ai toujours \u00e9t\u00e9 fascin\u00e9 par ces animaux et leur pouvoir de r\u00e9pulsion, et d\u2019attraction&#8230;<\/p>\n\n\n\n<p>Et \u00e9trangement, au travers de l\u2019objectif, la peur s\u2019estompait. Ces b\u00eates grouillantes s\u2019organisaient sous mes yeux, me r\u00e9velaient des antennes, des pattes toutes diff\u00e9rentes, des couleurs incroyables, des griffes ac\u00e9r\u00e9es, des yeux presque expressifs. Certains insectes sont d\u2019ailleurs pass\u00e9s de r\u00e9pugnants \u00e0 mignons en une apr\u00e8s-midi, incroyable. Et puis \u00e0 force de les observer encore et encore, la curiosit\u00e9 s\u2019est mu\u00e9e en fascination.<\/p>\n\n\n\n<h4 class=\"wp-block-heading\">Ma d\u00e9marche<\/h4>\n\n\n\n<p>Et je pourrais arr\u00eater le paragraphe ici. Car tout est dans la d\u00e9marche. Peu importe le r\u00e9sultat, les attentes, les retours, ce qui compte, c\u2019est le processus. J\u2019applique ici aussi, comme dans mes balades, ce concept d\u2019errance consciente. C\u2019est dans l\u2019exploration et une approche toujours empirique que je peux cr\u00e9er.<\/p>\n\n\n\n<p>Je ne serai jamais satisfait d\u2019une photo, non pas par frustration, mais parce qu\u2019elle me donne simplement envie d\u2019en refaire une autre, diff\u00e9rente, d\u2019am\u00e9liorer ceci ou cela. Bref, j\u2019ai du plaisir \u00e0 faire des photos, et c\u2019est fondamentalement la seule chose qui compte.<\/p>\n\n\n\n<p>Ma photographie se veut aussi \u00eatre le reflet de ce que l\u2019ordinaire poss\u00e8de de plus extraordinaire. Je ne pense pas que la raret\u00e9 soit cr\u00e9atrice de valeur. La beaut\u00e9 est partout, il suffit de s\u2019arr\u00eater, de se baisser et de regarder. Je me concentre beaucoup sur ma r\u00e9gion, le pied du Jura principalement, les cr\u00eates et ses p\u00e2turages, les plaines de l\u2019Orbe, etc.<\/p>\n\n\n\n<p><\/p>\n","protected":false},"excerpt":{"rendered":"<p>L\u2019aventure commence \u00e0 l\u2019\u00e9t\u00e9 2019, \u00e0 l\u2019un de ces carrefours que la vie met parfois sur notre chemin. Du changement, un d\u00e9m\u00e9nagement \u00e0 la campagne et une envie de d\u00e9couvrir les for\u00eats et d\u2019explorer les chemins qui partaient de chez moi&#8230; et pour y donner du sens, j\u2019ai l\u2019id\u00e9e de me commander un appareil photo.&hellip;&nbsp;<a href=\"https:\/\/wanderer.art\/fr\/a-propos\/\" rel=\"bookmark\"><span class=\"screen-reader-text\">\u00c0 propos<\/span><\/a><\/p>\n","protected":false},"author":1,"featured_media":0,"parent":0,"menu_order":0,"comment_status":"closed","ping_status":"closed","template":"","meta":{"neve_meta_sidebar":"","neve_meta_container":"","neve_meta_enable_content_width":"","neve_meta_content_width":0,"neve_meta_title_alignment":"","neve_meta_author_avatar":"","neve_post_elements_order":"","neve_meta_disable_header":"","neve_meta_disable_footer":"","neve_meta_disable_title":"on","neve_meta_reading_time":"","footnotes":""},"class_list":["post-36","page","type-page","status-publish","hentry"],"_links":{"self":[{"href":"https:\/\/wanderer.art\/fr\/wp-json\/wp\/v2\/pages\/36","targetHints":{"allow":["GET"]}}],"collection":[{"href":"https:\/\/wanderer.art\/fr\/wp-json\/wp\/v2\/pages"}],"about":[{"href":"https:\/\/wanderer.art\/fr\/wp-json\/wp\/v2\/types\/page"}],"author":[{"embeddable":true,"href":"https:\/\/wanderer.art\/fr\/wp-json\/wp\/v2\/users\/1"}],"replies":[{"embeddable":true,"href":"https:\/\/wanderer.art\/fr\/wp-json\/wp\/v2\/comments?post=36"}],"version-history":[{"count":7,"href":"https:\/\/wanderer.art\/fr\/wp-json\/wp\/v2\/pages\/36\/revisions"}],"predecessor-version":[{"id":1019,"href":"https:\/\/wanderer.art\/fr\/wp-json\/wp\/v2\/pages\/36\/revisions\/1019"}],"wp:attachment":[{"href":"https:\/\/wanderer.art\/fr\/wp-json\/wp\/v2\/media?parent=36"}],"curies":[{"name":"wp","href":"https:\/\/api.w.org\/{rel}","templated":true}]}}