{"id":21,"date":"2026-02-03T10:51:42","date_gmt":"2026-02-03T10:51:42","guid":{"rendered":"https:\/\/wanderer.art\/?page_id=21"},"modified":"2026-02-06T08:02:52","modified_gmt":"2026-02-06T08:02:52","slug":"accueil","status":"publish","type":"page","link":"https:\/\/wanderer.art\/fr\/","title":{"rendered":"Accueil"},"content":{"rendered":"\n<p class=\"has-text-align-left\">Guillaume Gendre est un photographe amateur \u00e9tabli au pied du Jura dans le canton de Vaud en Suisse.<br>Passionn\u00e9 par la nature et la photographie macro, en particulier des araign\u00e9es et des champignons. S\u2019\u00e9merveillant de l\u2019ordinaire, sa photographie se concentre principalement sur sa r\u00e9gion et les esp\u00e8ces locales, et quelques escapades dans le Nord de l\u2019Europe.<\/p>\n\n\n<style type=\"text\/css\">\n#foogallery-gallery-119.fg-masonry { --fg-gutter: 30px; }<\/style>\n\t\t\t<div class=\"foogallery foogallery-container foogallery-masonry foogallery-lightbox-foogallery fg-center fg-masonry fg-ready fg-light fg-shadow-medium fg-loading-dots fg-loaded-fade-in fg-hover-fade fg-hover-zoom4 fg-transparent-overlays fg-col3\" id=\"foogallery-gallery-119\" data-foogallery=\"{&quot;item&quot;:{&quot;showCaptionTitle&quot;:false,&quot;showCaptionDescription&quot;:true},&quot;lazy&quot;:true,&quot;template&quot;:{&quot;horizontalOrder&quot;:true}}\" data-foogallery-lightbox=\"{&quot;theme&quot;:&quot;fg-dark&quot;,&quot;thumbs&quot;:&quot;none&quot;,&quot;info&quot;:&quot;bottom&quot;,&quot;infoVisible&quot;:true,&quot;infoOverlay&quot;:true,&quot;infoAlign&quot;:&quot;center&quot;,&quot;transition&quot;:&quot;fade&quot;,&quot;hoverButtons&quot;:false,&quot;fitMedia&quot;:false,&quot;noScrollbars&quot;:true,&quot;preserveButtonSpace&quot;:true,&quot;buttons&quot;:{&quot;fullscreen&quot;:true,&quot;info&quot;:true,&quot;thumbs&quot;:false},&quot;video&quot;:{&quot;autoPlay&quot;:true}}\" style=\"--fg-title-line-clamp: 1; --fg-description-line-clamp: 2;\" >\n\t\t<div class=\"fg-column-width\"><\/div>\n\t<div class=\"fg-gutter-width\"><\/div>\n\t\t<div class=\"fg-item fg-type-image fg-idle\"><figure class=\"fg-item-inner\"><a href=\"https:\/\/wanderer.art\/wp-content\/uploads\/2026\/02\/046-argiope-bruennichi-prey-macro-vaud-switzerland-summer-2025-scaled.jpg\" data-caption-title=\"Une Argiope bruennichi gravide avec une proie. Vaud, Suisse, \u00e9t\u00e9 2025\" data-attachment-id=\"165\" data-type=\"image\" class=\"fg-thumb\"><span class=\"fg-image-wrap\"><img fetchpriority=\"high\" decoding=\"async\" alt=\"Argiope bruennichi, argiope frelon gravide avec une proie, photographie macro, Vaud, Suisse, \u00e9t\u00e9 2025\" title=\"Une Argiope bruennichi gravide avec une proie. Vaud, Suisse, \u00e9t\u00e9 2025\" width=\"300\" height=\"375\" class=\"skip-lazy fg-image\" data-src-fg=\"https:\/\/wanderer.art\/wp-content\/uploads\/cache\/2026\/02\/046-argiope-bruennichi-prey-macro-vaud-switzerland-summer-2025-scaled\/1899100166.jpg\" data-srcset-fg=\"https:\/\/wanderer.art\/wp-content\/uploads\/cache\/2026\/02\/046-argiope-bruennichi-prey-macro-vaud-switzerland-summer-2025-scaled\/2863497400.jpg 2x\" src=\"data:image\/svg+xml,%3Csvg%20xmlns%3D%22http%3A%2F%2Fwww.w3.org%2F2000%2Fsvg%22%20width%3D%22300%22%20height%3D%22375%22%20viewBox%3D%220%200%20300%20375%22%3E%3C%2Fsvg%3E\" loading=\"eager\"><\/span><span class=\"fg-image-overlay\"><\/span><\/a><\/figure><div class=\"fg-loader\"><\/div><\/div><div class=\"fg-item fg-type-image fg-idle\"><figure class=\"fg-item-inner\"><a href=\"https:\/\/wanderer.art\/wp-content\/uploads\/2026\/02\/004-path-stac-pollaidh-landscape-highlands-scotland-autumn-2022-scaled.jpg\" data-caption-title=\"Les escaliers de pierre menant au Stac Pollaidh, encore perdu dans les nuages matinaux. Highlands, \u00c9cosse, automne 2022\" data-attachment-id=\"123\" data-type=\"image\" class=\"fg-thumb\"><span class=\"fg-image-wrap\"><img decoding=\"async\" alt=\"Escaliers de pierre vers le Stac Pollaidh, perdu dans les nuages matinaux, photographie de paysage, Highlands, \u00c9cosse, automne 2022\" title=\"Les escaliers de pierre menant au Stac Pollaidh, encore perdu dans les nuages matinaux. Highlands, \u00c9cosse, automne 2022\" width=\"300\" height=\"450\" class=\"skip-lazy fg-image\" data-src-fg=\"https:\/\/wanderer.art\/wp-content\/uploads\/cache\/2026\/02\/004-path-stac-pollaidh-landscape-highlands-scotland-autumn-2022-scaled\/3194976089.jpg\" data-srcset-fg=\"https:\/\/wanderer.art\/wp-content\/uploads\/cache\/2026\/02\/004-path-stac-pollaidh-landscape-highlands-scotland-autumn-2022-scaled\/2456647082.jpg 2x\" src=\"data:image\/svg+xml,%3Csvg%20xmlns%3D%22http%3A%2F%2Fwww.w3.org%2F2000%2Fsvg%22%20width%3D%22300%22%20height%3D%22450%22%20viewBox%3D%220%200%20300%20450%22%3E%3C%2Fsvg%3E\" loading=\"eager\"><\/span><span class=\"fg-image-overlay\"><\/span><\/a><\/figure><div class=\"fg-loader\"><\/div><\/div><div class=\"fg-item fg-type-image fg-idle\"><figure class=\"fg-item-inner\"><a href=\"https:\/\/wanderer.art\/wp-content\/uploads\/2026\/02\/007-ematurga-atomaria-palantir-macro-vaud-switzerland-spring-2022-scaled.jpg\" data-caption-title=\"Une Ematurga atomaria observant son palantir, ou peut-\u00eatre Gandalf regardant dans une goutte de ros\u00e9e. Vaud, Suisse, printemps 2022\" data-attachment-id=\"126\" data-type=\"image\" class=\"fg-thumb\"><span class=\"fg-image-wrap\"><img decoding=\"async\" alt=\"Ematurga atomaria observant son palantir, ou juste une goutte de ros\u00e9e, photographie macro, Vaud, Suisse, printemps 2022\" title=\"Une Ematurga atomaria observant son palantir, ou peut-\u00eatre Gandalf regardant dans une goutte de ros\u00e9e. Vaud, Suisse, printemps 2022\" width=\"300\" height=\"434\" class=\"skip-lazy fg-image\" data-src-fg=\"https:\/\/wanderer.art\/wp-content\/uploads\/cache\/2026\/02\/007-ematurga-atomaria-palantir-macro-vaud-switzerland-spring-2022-scaled\/546807786.jpg\" data-srcset-fg=\"https:\/\/wanderer.art\/wp-content\/uploads\/cache\/2026\/02\/007-ematurga-atomaria-palantir-macro-vaud-switzerland-spring-2022-scaled\/4043858106.jpg 2x\" src=\"data:image\/svg+xml,%3Csvg%20xmlns%3D%22http%3A%2F%2Fwww.w3.org%2F2000%2Fsvg%22%20width%3D%22300%22%20height%3D%22434%22%20viewBox%3D%220%200%20300%20434%22%3E%3C%2Fsvg%3E\" loading=\"eager\"><\/span><span class=\"fg-image-overlay\"><\/span><\/a><\/figure><div class=\"fg-loader\"><\/div><\/div><div class=\"fg-item fg-type-image fg-idle\"><figure class=\"fg-item-inner\"><a href=\"https:\/\/wanderer.art\/wp-content\/uploads\/2026\/02\/033-euonymus-europaeus-spindle-macro-vaud-switzerland-autumn-2021-scaled.jpg\" data-caption-title=\"Un fusain d&#039;Europe (Euonymus europaeus) ouvert, deux c\u0153urs pour la Saint-Valentin ? Vaud, Suisse, automne 2021\" data-attachment-id=\"152\" data-type=\"image\" class=\"fg-thumb\"><span class=\"fg-image-wrap\"><img decoding=\"async\" alt=\"Euonymus europaeus, fusain d&#039;Europe ouvert ressemblant \u00e0 deux c\u0153urs, Saint-Valentin, photographie macro, Vaud, Suisse, automne 2021\" title=\"Un fusain d&#039;Europe (Euonymus europaeus) ouvert, deux c\u0153urs pour la Saint-Valentin ? Vaud, Suisse, automne 2021\" width=\"300\" height=\"450\" class=\"skip-lazy fg-image\" data-src-fg=\"https:\/\/wanderer.art\/wp-content\/uploads\/cache\/2026\/02\/033-euonymus-europaeus-spindle-macro-vaud-switzerland-autumn-2021-scaled\/3236062425.jpg\" data-srcset-fg=\"https:\/\/wanderer.art\/wp-content\/uploads\/cache\/2026\/02\/033-euonymus-europaeus-spindle-macro-vaud-switzerland-autumn-2021-scaled\/293444489.jpg 2x\" src=\"data:image\/svg+xml,%3Csvg%20xmlns%3D%22http%3A%2F%2Fwww.w3.org%2F2000%2Fsvg%22%20width%3D%22300%22%20height%3D%22450%22%20viewBox%3D%220%200%20300%20450%22%3E%3C%2Fsvg%3E\" loading=\"eager\"><\/span><span class=\"fg-image-overlay\"><\/span><\/a><\/figure><div class=\"fg-loader\"><\/div><\/div><div class=\"fg-item fg-type-image fg-idle\"><figure class=\"fg-item-inner\"><a href=\"https:\/\/wanderer.art\/wp-content\/uploads\/2026\/02\/044-marbled-white-scabiosa-macro-vaud-switzerland-spring-2026-scaled.jpg\" data-caption-title=\"Papillon demi-deuil sous une fleur de scabieuse, \u00e9clair\u00e9 par le lever de soleil. Vaud, Suisse, printemps 2025\" data-attachment-id=\"163\" data-type=\"image\" class=\"fg-thumb\"><span class=\"fg-image-wrap\"><img decoding=\"async\" alt=\"Papillon demi-deuil sous une scabieuse, lever de soleil, photographie macro, Vaud, Suisse, printemps 2025\" title=\"Papillon demi-deuil sous une fleur de scabieuse, \u00e9clair\u00e9 par le lever de soleil. Vaud, Suisse, printemps 2025\" width=\"300\" height=\"450\" class=\"skip-lazy fg-image\" data-src-fg=\"https:\/\/wanderer.art\/wp-content\/uploads\/cache\/2026\/02\/044-marbled-white-scabiosa-macro-vaud-switzerland-spring-2026-scaled\/1641094817.jpg\" data-srcset-fg=\"https:\/\/wanderer.art\/wp-content\/uploads\/cache\/2026\/02\/044-marbled-white-scabiosa-macro-vaud-switzerland-spring-2026-scaled\/1180726923.jpg 2x\" src=\"data:image\/svg+xml,%3Csvg%20xmlns%3D%22http%3A%2F%2Fwww.w3.org%2F2000%2Fsvg%22%20width%3D%22300%22%20height%3D%22450%22%20viewBox%3D%220%200%20300%20450%22%3E%3C%2Fsvg%3E\" loading=\"eager\"><\/span><span class=\"fg-image-overlay\"><\/span><\/a><\/figure><div class=\"fg-loader\"><\/div><\/div><div class=\"fg-item fg-type-image fg-idle\"><figure class=\"fg-item-inner\"><a href=\"https:\/\/wanderer.art\/wp-content\/uploads\/2026\/02\/048-mushrooms-family-macro-vaud-switzerland-autumn-2025-scaled.jpg\" data-caption-title=\"Une famille de champignons re\u00e7oit une feuille pour la nuit. Vaud, Suisse, automne 2025\" data-attachment-id=\"167\" data-type=\"image\" class=\"fg-thumb\"><span class=\"fg-image-wrap\"><img decoding=\"async\" alt=\"Famille de champignons et un invit\u00e9 feuille, photographie macro, Vaud, Suisse, automne 2025\" title=\"Une famille de champignons re\u00e7oit une feuille pour la nuit. Vaud, Suisse, automne 2025\" width=\"300\" height=\"450\" class=\"skip-lazy fg-image\" data-src-fg=\"https:\/\/wanderer.art\/wp-content\/uploads\/cache\/2026\/02\/048-mushrooms-family-macro-vaud-switzerland-autumn-2025-scaled\/1874983223.jpg\" data-srcset-fg=\"https:\/\/wanderer.art\/wp-content\/uploads\/cache\/2026\/02\/048-mushrooms-family-macro-vaud-switzerland-autumn-2025-scaled\/2580482462.jpg 2x\" src=\"data:image\/svg+xml,%3Csvg%20xmlns%3D%22http%3A%2F%2Fwww.w3.org%2F2000%2Fsvg%22%20width%3D%22300%22%20height%3D%22450%22%20viewBox%3D%220%200%20300%20450%22%3E%3C%2Fsvg%3E\" loading=\"eager\"><\/span><span class=\"fg-image-overlay\"><\/span><\/a><\/figure><div class=\"fg-loader\"><\/div><\/div><div class=\"fg-item fg-type-image fg-idle\"><figure class=\"fg-item-inner\"><a href=\"https:\/\/wanderer.art\/wp-content\/uploads\/2026\/02\/023-xysticus-dandelion-macro-vaud-switzerland-spring-2023-scaled.jpg\" data-caption-title=\"Un Xysticus sp. chassant dans une fleur de pissenlit, avec un petit ami sur son dos &amp;lt;3. Vaud, Suisse, printemps 2023\" data-attachment-id=\"142\" data-type=\"image\" class=\"fg-thumb\"><span class=\"fg-image-wrap\"><img decoding=\"async\" alt=\"Xysticus sp. sur un pissenlit, photographie macro, Vaud, Suisse, printemps 2023\" title=\"Un Xysticus sp. chassant dans une fleur de pissenlit, avec un petit ami sur son dos &amp;lt;3. Vaud, Suisse, printemps 2023\" width=\"300\" height=\"169\" class=\"skip-lazy fg-image\" data-src-fg=\"https:\/\/wanderer.art\/wp-content\/uploads\/cache\/2026\/02\/023-xysticus-dandelion-macro-vaud-switzerland-spring-2023-scaled\/2094878911.jpg\" data-srcset-fg=\"https:\/\/wanderer.art\/wp-content\/uploads\/cache\/2026\/02\/023-xysticus-dandelion-macro-vaud-switzerland-spring-2023-scaled\/3198505741.jpg 2x\" src=\"data:image\/svg+xml,%3Csvg%20xmlns%3D%22http%3A%2F%2Fwww.w3.org%2F2000%2Fsvg%22%20width%3D%22300%22%20height%3D%22169%22%20viewBox%3D%220%200%20300%20169%22%3E%3C%2Fsvg%3E\" loading=\"eager\"><\/span><span class=\"fg-image-overlay\"><\/span><\/a><\/figure><div class=\"fg-loader\"><\/div><\/div><div class=\"fg-item fg-type-image fg-idle\"><figure class=\"fg-item-inner\"><a href=\"https:\/\/wanderer.art\/wp-content\/uploads\/2026\/02\/035-xylocopa-violacea-samurai-vader-macro-vaud-switzerland-spring-2024-scaled.jpg\" data-caption-title=\"Xylocopa violacea dans un trou, comme un samoura\u00ef Vader. Vaud, Suisse, printemps 2024\" data-attachment-id=\"154\" data-type=\"image\" class=\"fg-thumb\"><span class=\"fg-image-wrap\"><img decoding=\"async\" alt=\"Xylocopa violacea dans un trou, comme un Vader samurai, photographie macro, Vaud, Suisse, printemps 2024\" title=\"Xylocopa violacea dans un trou, comme un samoura\u00ef Vader. Vaud, Suisse, printemps 2024\" width=\"300\" height=\"200\" class=\"skip-lazy fg-image\" data-src-fg=\"https:\/\/wanderer.art\/wp-content\/uploads\/cache\/2026\/02\/035-xylocopa-violacea-samurai-vader-macro-vaud-switzerland-spring-2024-scaled\/1520968548.jpg\" data-srcset-fg=\"https:\/\/wanderer.art\/wp-content\/uploads\/cache\/2026\/02\/035-xylocopa-violacea-samurai-vader-macro-vaud-switzerland-spring-2024-scaled\/3537035725.jpg 2x\" src=\"data:image\/svg+xml,%3Csvg%20xmlns%3D%22http%3A%2F%2Fwww.w3.org%2F2000%2Fsvg%22%20width%3D%22300%22%20height%3D%22200%22%20viewBox%3D%220%200%20300%20200%22%3E%3C%2Fsvg%3E\" loading=\"eager\"><\/span><span class=\"fg-image-overlay\"><\/span><\/a><\/figure><div class=\"fg-loader\"><\/div><\/div><div class=\"fg-item fg-type-image fg-idle\"><figure class=\"fg-item-inner\"><a href=\"https:\/\/wanderer.art\/wp-content\/uploads\/2026\/02\/050-frozen-bubbles-pond-macro-vaud-switzerland-winter-2025-scaled.jpg\" data-caption-title=\"Des bulles gel\u00e9es ressemblant \u00e0 une grappe de raisin. Vaud, Suisse, hiver 2025\" data-attachment-id=\"169\" data-type=\"image\" class=\"fg-thumb\"><span class=\"fg-image-wrap\"><img decoding=\"async\" alt=\"Bulles gel\u00e9es ressemblant \u00e0 une grappe de raisin dans un \u00e9tang, photographie macro, Vaud, Suisse, hiver 2025\" title=\"Des bulles gel\u00e9es ressemblant \u00e0 une grappe de raisin. Vaud, Suisse, hiver 2025\" width=\"300\" height=\"450\" class=\"skip-lazy fg-image\" data-src-fg=\"https:\/\/wanderer.art\/wp-content\/uploads\/cache\/2026\/02\/050-frozen-bubbles-pond-macro-vaud-switzerland-winter-2025-scaled\/2371118903.jpg\" data-srcset-fg=\"https:\/\/wanderer.art\/wp-content\/uploads\/cache\/2026\/02\/050-frozen-bubbles-pond-macro-vaud-switzerland-winter-2025-scaled\/2834943380.jpg 2x\" src=\"data:image\/svg+xml,%3Csvg%20xmlns%3D%22http%3A%2F%2Fwww.w3.org%2F2000%2Fsvg%22%20width%3D%22300%22%20height%3D%22450%22%20viewBox%3D%220%200%20300%20450%22%3E%3C%2Fsvg%3E\" loading=\"eager\"><\/span><span class=\"fg-image-overlay\"><\/span><\/a><\/figure><div class=\"fg-loader\"><\/div><\/div><div class=\"fg-item fg-type-image fg-idle\"><figure class=\"fg-item-inner\"><a href=\"https:\/\/wanderer.art\/wp-content\/uploads\/2026\/02\/025-misumena-vatia-dew-macro-vaud-switzerland-summer-2023-scaled.jpg\" data-caption-title=\"Une femelle Misumena vatia couverte de ros\u00e9e, essayant de m&#039;impressionner malgr\u00e9 tout. Vaud, Suisse, \u00e9t\u00e9 2023\" data-attachment-id=\"144\" data-type=\"image\" class=\"fg-thumb\"><span class=\"fg-image-wrap\"><img decoding=\"async\" alt=\"Misumena vatia couverte de ros\u00e9e, photographie macro, Vaud, Suisse, \u00e9t\u00e9 2023\" title=\"Une femelle Misumena vatia couverte de ros\u00e9e, essayant de m&#039;impressionner malgr\u00e9 tout. Vaud, Suisse, \u00e9t\u00e9 2023\" width=\"300\" height=\"171\" class=\"skip-lazy fg-image\" data-src-fg=\"https:\/\/wanderer.art\/wp-content\/uploads\/cache\/2026\/02\/025-misumena-vatia-dew-macro-vaud-switzerland-summer-2023-scaled\/923571545.jpg\" data-srcset-fg=\"https:\/\/wanderer.art\/wp-content\/uploads\/cache\/2026\/02\/025-misumena-vatia-dew-macro-vaud-switzerland-summer-2023-scaled\/4118058731.jpg 2x\" src=\"data:image\/svg+xml,%3Csvg%20xmlns%3D%22http%3A%2F%2Fwww.w3.org%2F2000%2Fsvg%22%20width%3D%22300%22%20height%3D%22171%22%20viewBox%3D%220%200%20300%20171%22%3E%3C%2Fsvg%3E\" loading=\"eager\"><\/span><span class=\"fg-image-overlay\"><\/span><\/a><\/figure><div class=\"fg-loader\"><\/div><\/div><div class=\"fg-item fg-type-image fg-idle\"><figure class=\"fg-item-inner\"><a href=\"https:\/\/wanderer.art\/wp-content\/uploads\/2026\/02\/019-swamps-sunrise-landscape-hamra-national-park-sweden-autumn-2023-scaled.jpg\" data-caption-title=\"T\u00f4t le matin, le soleil baigne le mar\u00e9cage de lumi\u00e8re. Parc National de Hamra, Su\u00e8de, automne 2023\" data-attachment-id=\"138\" data-type=\"image\" class=\"fg-thumb\"><span class=\"fg-image-wrap\"><img decoding=\"async\" alt=\"Lumi\u00e8re du lever de soleil sur les mar\u00e9cages, photographie de paysage, Parc National de Hamra, Su\u00e8de, automne 2023\" title=\"T\u00f4t le matin, le soleil baigne le mar\u00e9cage de lumi\u00e8re. Parc National de Hamra, Su\u00e8de, automne 2023\" width=\"300\" height=\"169\" class=\"skip-lazy fg-image\" data-src-fg=\"https:\/\/wanderer.art\/wp-content\/uploads\/cache\/2026\/02\/019-swamps-sunrise-landscape-hamra-national-park-sweden-autumn-2023-scaled\/4259517801.jpg\" data-srcset-fg=\"https:\/\/wanderer.art\/wp-content\/uploads\/cache\/2026\/02\/019-swamps-sunrise-landscape-hamra-national-park-sweden-autumn-2023-scaled\/1784313391.jpg 2x\" src=\"data:image\/svg+xml,%3Csvg%20xmlns%3D%22http%3A%2F%2Fwww.w3.org%2F2000%2Fsvg%22%20width%3D%22300%22%20height%3D%22169%22%20viewBox%3D%220%200%20300%20169%22%3E%3C%2Fsvg%3E\" loading=\"eager\"><\/span><span class=\"fg-image-overlay\"><\/span><\/a><\/figure><div class=\"fg-loader\"><\/div><\/div><div class=\"fg-item fg-type-image fg-idle\"><figure class=\"fg-item-inner\"><a href=\"https:\/\/wanderer.art\/wp-content\/uploads\/2026\/02\/029-philodromus-margaritatus-camouflage-macro-derborence-switzerland-summer-2022-scaled.jpg\" data-caption-title=\"Un Philodromus margaritatus se camouflant parfaitement sur l&#039;\u00e9corce blanche. Derborence, Suisse, \u00e9t\u00e9 2022\" data-attachment-id=\"148\" data-type=\"image\" class=\"fg-thumb\"><span class=\"fg-image-wrap\"><img decoding=\"async\" alt=\"Philodromus margaritatus se camouflant parfaitement sur l&#039;\u00e9corce, photographie macro, Derborence, Suisse, \u00e9t\u00e9 2022\" title=\"Un Philodromus margaritatus se camouflant parfaitement sur l&#039;\u00e9corce blanche. Derborence, Suisse, \u00e9t\u00e9 2022\" width=\"300\" height=\"240\" class=\"skip-lazy fg-image\" data-src-fg=\"https:\/\/wanderer.art\/wp-content\/uploads\/cache\/2026\/02\/029-philodromus-margaritatus-camouflage-macro-derborence-switzerland-summer-2022-scaled\/3073002250.jpg\" data-srcset-fg=\"https:\/\/wanderer.art\/wp-content\/uploads\/cache\/2026\/02\/029-philodromus-margaritatus-camouflage-macro-derborence-switzerland-summer-2022-scaled\/4064241682.jpg 2x\" src=\"data:image\/svg+xml,%3Csvg%20xmlns%3D%22http%3A%2F%2Fwww.w3.org%2F2000%2Fsvg%22%20width%3D%22300%22%20height%3D%22240%22%20viewBox%3D%220%200%20300%20240%22%3E%3C%2Fsvg%3E\" loading=\"eager\"><\/span><span class=\"fg-image-overlay\"><\/span><\/a><\/figure><div class=\"fg-loader\"><\/div><\/div><div class=\"fg-item fg-type-image fg-idle\"><figure class=\"fg-item-inner\"><a href=\"https:\/\/wanderer.art\/wp-content\/uploads\/2026\/02\/010-evarcha-arcuata-leaf-macro-vaud-switzerland-summer-2021.jpg\" data-caption-title=\"Un m\u00e2le Evarcha arcuata sur une feuille. Vaud, Suisse, \u00e9t\u00e9 2021\" data-attachment-id=\"129\" data-type=\"image\" class=\"fg-thumb\"><span class=\"fg-image-wrap\"><img decoding=\"async\" alt=\"Evarcha arcuata sur une feuille, photographie macro, Vaud, Suisse, \u00e9t\u00e9 2021\" title=\"Un m\u00e2le Evarcha arcuata sur une feuille. Vaud, Suisse, \u00e9t\u00e9 2021\" width=\"300\" height=\"300\" class=\"skip-lazy fg-image\" data-src-fg=\"https:\/\/wanderer.art\/wp-content\/uploads\/cache\/2026\/02\/010-evarcha-arcuata-leaf-macro-vaud-switzerland-summer-2021\/948813811.jpg\" data-srcset-fg=\"https:\/\/wanderer.art\/wp-content\/uploads\/cache\/2026\/02\/010-evarcha-arcuata-leaf-macro-vaud-switzerland-summer-2021\/4247926179.jpg 2x\" src=\"data:image\/svg+xml,%3Csvg%20xmlns%3D%22http%3A%2F%2Fwww.w3.org%2F2000%2Fsvg%22%20width%3D%22300%22%20height%3D%22300%22%20viewBox%3D%220%200%20300%20300%22%3E%3C%2Fsvg%3E\" loading=\"eager\"><\/span><span class=\"fg-image-overlay\"><\/span><\/a><\/figure><div class=\"fg-loader\"><\/div><\/div><div class=\"fg-item fg-type-image fg-idle\"><figure class=\"fg-item-inner\"><a href=\"https:\/\/wanderer.art\/wp-content\/uploads\/2026\/02\/031-anoplotrupes-stercorosus-alien-macro-vaud-switzerland-autumn-2022-scaled.jpg\" data-caption-title=\"Un Anoplotrupes stercorosus, ressemblant clairement plus \u00e0 un alien de Starship Troopers qu&#039;\u00e0 un scarab\u00e9e. Vaud, Suisse, automne 2022\" data-attachment-id=\"150\" data-type=\"image\" class=\"fg-thumb\"><span class=\"fg-image-wrap\"><img decoding=\"async\" alt=\"Anoplotrupes stercorosus ressemblant \u00e0 un alien de Starship Troopers, photographie macro, Vaud, Suisse, automne 2022\" title=\"Un Anoplotrupes stercorosus, ressemblant clairement plus \u00e0 un alien de Starship Troopers qu&#039;\u00e0 un scarab\u00e9e. Vaud, Suisse, automne 2022\" width=\"300\" height=\"200\" class=\"skip-lazy fg-image\" data-src-fg=\"https:\/\/wanderer.art\/wp-content\/uploads\/cache\/2026\/02\/031-anoplotrupes-stercorosus-alien-macro-vaud-switzerland-autumn-2022-scaled\/1766038926.jpg\" data-srcset-fg=\"https:\/\/wanderer.art\/wp-content\/uploads\/cache\/2026\/02\/031-anoplotrupes-stercorosus-alien-macro-vaud-switzerland-autumn-2022-scaled\/467391062.jpg 2x\" src=\"data:image\/svg+xml,%3Csvg%20xmlns%3D%22http%3A%2F%2Fwww.w3.org%2F2000%2Fsvg%22%20width%3D%22300%22%20height%3D%22200%22%20viewBox%3D%220%200%20300%20200%22%3E%3C%2Fsvg%3E\" loading=\"eager\"><\/span><span class=\"fg-image-overlay\"><\/span><\/a><\/figure><div class=\"fg-loader\"><\/div><\/div><div class=\"fg-item fg-type-image fg-idle\"><figure class=\"fg-item-inner\"><a href=\"https:\/\/wanderer.art\/wp-content\/uploads\/2026\/02\/030-zygaena-filipendulae-scabiosa-macro-anzeindaz-switzerland-summer-2023-scaled.jpg\" data-caption-title=\"Un Zygaena filipendulae sur une fleur de scabieuse. Anzeindaz, Suisse, \u00e9t\u00e9 2023\" data-attachment-id=\"149\" data-type=\"image\" class=\"fg-thumb\"><span class=\"fg-image-wrap\"><img decoding=\"async\" alt=\"Zygaena filipendulae sur une fleur de scabieuse, photographie macro, Anzeindaz, Suisse, \u00e9t\u00e9 2023\" title=\"Un Zygaena filipendulae sur une fleur de scabieuse. Anzeindaz, Suisse, \u00e9t\u00e9 2023\" width=\"300\" height=\"188\" class=\"skip-lazy fg-image\" data-src-fg=\"https:\/\/wanderer.art\/wp-content\/uploads\/cache\/2026\/02\/030-zygaena-filipendulae-scabiosa-macro-anzeindaz-switzerland-summer-2023-scaled\/1630695251.jpg\" data-srcset-fg=\"https:\/\/wanderer.art\/wp-content\/uploads\/cache\/2026\/02\/030-zygaena-filipendulae-scabiosa-macro-anzeindaz-switzerland-summer-2023-scaled\/4270269658.jpg 2x\" src=\"data:image\/svg+xml,%3Csvg%20xmlns%3D%22http%3A%2F%2Fwww.w3.org%2F2000%2Fsvg%22%20width%3D%22300%22%20height%3D%22188%22%20viewBox%3D%220%200%20300%20188%22%3E%3C%2Fsvg%3E\" loading=\"eager\"><\/span><span class=\"fg-image-overlay\"><\/span><\/a><\/figure><div class=\"fg-loader\"><\/div><\/div><div class=\"fg-item fg-type-image fg-idle\"><figure class=\"fg-item-inner\"><a href=\"https:\/\/wanderer.art\/wp-content\/uploads\/2026\/02\/038-chamaesphecia-empiformis-moth-macro-vaud-switzerland-summer-2024-scaled.jpg\" data-caption-title=\"Un papillon Chamaesphecia empiformis posant sur une feuille. Vaud, Suisse, \u00e9t\u00e9 2024\" data-attachment-id=\"157\" data-type=\"image\" class=\"fg-thumb\"><span class=\"fg-image-wrap\"><img decoding=\"async\" alt=\"Papillon Chamaesphecia empiformis sur une feuille, photographie macro, Vaud, Suisse, \u00e9t\u00e9 2024\" title=\"Un papillon Chamaesphecia empiformis posant sur une feuille. Vaud, Suisse, \u00e9t\u00e9 2024\" width=\"300\" height=\"169\" class=\"skip-lazy fg-image\" data-src-fg=\"https:\/\/wanderer.art\/wp-content\/uploads\/cache\/2026\/02\/038-chamaesphecia-empiformis-moth-macro-vaud-switzerland-summer-2024-scaled\/3086579291.jpg\" data-srcset-fg=\"https:\/\/wanderer.art\/wp-content\/uploads\/cache\/2026\/02\/038-chamaesphecia-empiformis-moth-macro-vaud-switzerland-summer-2024-scaled\/684796829.jpg 2x\" src=\"data:image\/svg+xml,%3Csvg%20xmlns%3D%22http%3A%2F%2Fwww.w3.org%2F2000%2Fsvg%22%20width%3D%22300%22%20height%3D%22169%22%20viewBox%3D%220%200%20300%20169%22%3E%3C%2Fsvg%3E\" loading=\"eager\"><\/span><span class=\"fg-image-overlay\"><\/span><\/a><\/figure><div class=\"fg-loader\"><\/div><\/div><div class=\"fg-item fg-type-image fg-idle\"><figure class=\"fg-item-inner\"><a href=\"https:\/\/wanderer.art\/wp-content\/uploads\/2026\/02\/040-agalenatea-redii-dry-flower-macro-vaud-switzerland-winter-2024-scaled.jpg\" data-caption-title=\"Une Agalenatea redii sur une fleur s\u00e8che dans les prairies. Vaud, Suisse, hiver 2024\" data-attachment-id=\"159\" data-type=\"image\" class=\"fg-thumb\"><span class=\"fg-image-wrap\"><img decoding=\"async\" alt=\"Agalenatea redii sur une fleur s\u00e8che dans les prairies, photographie macro, Vaud, Suisse, hiver 2024\" title=\"Une Agalenatea redii sur une fleur s\u00e8che dans les prairies. Vaud, Suisse, hiver 2024\" width=\"300\" height=\"188\" class=\"skip-lazy fg-image\" data-src-fg=\"https:\/\/wanderer.art\/wp-content\/uploads\/cache\/2026\/02\/040-agalenatea-redii-dry-flower-macro-vaud-switzerland-winter-2024-scaled\/2691080913.jpg\" data-srcset-fg=\"https:\/\/wanderer.art\/wp-content\/uploads\/cache\/2026\/02\/040-agalenatea-redii-dry-flower-macro-vaud-switzerland-winter-2024-scaled\/3420220634.jpg 2x\" src=\"data:image\/svg+xml,%3Csvg%20xmlns%3D%22http%3A%2F%2Fwww.w3.org%2F2000%2Fsvg%22%20width%3D%22300%22%20height%3D%22188%22%20viewBox%3D%220%200%20300%20188%22%3E%3C%2Fsvg%3E\" loading=\"eager\"><\/span><span class=\"fg-image-overlay\"><\/span><\/a><\/figure><div class=\"fg-loader\"><\/div><\/div><\/div>\n\n\n\n<p><\/p>\n","protected":false},"excerpt":{"rendered":"<p>Guillaume Gendre est un photographe amateur \u00e9tabli au pied du Jura dans le canton de Vaud en Suisse.Passionn\u00e9 par la nature et la photographie macro, en particulier des araign\u00e9es et des champignons. S\u2019\u00e9merveillant de l\u2019ordinaire, sa photographie se concentre principalement sur sa r\u00e9gion et les esp\u00e8ces locales, et quelques escapades dans le Nord de l\u2019Europe.<\/p>\n","protected":false},"author":1,"featured_media":0,"parent":0,"menu_order":0,"comment_status":"closed","ping_status":"closed","template":"","meta":{"neve_meta_sidebar":"","neve_meta_container":"","neve_meta_enable_content_width":"","neve_meta_content_width":0,"neve_meta_title_alignment":"","neve_meta_author_avatar":"","neve_post_elements_order":"","neve_meta_disable_header":"","neve_meta_disable_footer":"","neve_meta_disable_title":"on","neve_meta_reading_time":"","footnotes":""},"class_list":["post-21","page","type-page","status-publish","hentry"],"_links":{"self":[{"href":"https:\/\/wanderer.art\/fr\/wp-json\/wp\/v2\/pages\/21","targetHints":{"allow":["GET"]}}],"collection":[{"href":"https:\/\/wanderer.art\/fr\/wp-json\/wp\/v2\/pages"}],"about":[{"href":"https:\/\/wanderer.art\/fr\/wp-json\/wp\/v2\/types\/page"}],"author":[{"embeddable":true,"href":"https:\/\/wanderer.art\/fr\/wp-json\/wp\/v2\/users\/1"}],"replies":[{"embeddable":true,"href":"https:\/\/wanderer.art\/fr\/wp-json\/wp\/v2\/comments?post=21"}],"version-history":[{"count":9,"href":"https:\/\/wanderer.art\/fr\/wp-json\/wp\/v2\/pages\/21\/revisions"}],"predecessor-version":[{"id":944,"href":"https:\/\/wanderer.art\/fr\/wp-json\/wp\/v2\/pages\/21\/revisions\/944"}],"wp:attachment":[{"href":"https:\/\/wanderer.art\/fr\/wp-json\/wp\/v2\/media?parent=21"}],"curies":[{"name":"wp","href":"https:\/\/api.w.org\/{rel}","templated":true}]}}