{"id":1015,"date":"2026-02-05T11:11:40","date_gmt":"2026-02-05T11:11:40","guid":{"rendered":"https:\/\/wanderer.art\/mentions-legales-2\/"},"modified":"2026-02-08T21:48:52","modified_gmt":"2026-02-08T21:48:52","slug":"mentions-legales-2","status":"publish","type":"page","link":"https:\/\/wanderer.art\/fr\/mentions-legales-2\/","title":{"rendered":"Mentions L\u00e9gales"},"content":{"rendered":"\n<p><strong>\u00c9diteur du site<\/strong><br\/>Guillaume Gendre<br\/>Vaud, Switzerland<br\/><a href=\"https:\/\/wanderer.art\/fr\/contact\/\" data-type=\"page\" data-id=\"54\">Contact<\/a><br\/><br\/>H\u00e9bergement<br\/>Infomaniak SA<br\/>Rue Eug\u00e8ne-Marziano 25<br\/>1227 Gen\u00e8ve, Suisse<br\/>www.infomaniak.com<\/p>\n\n<p>Propri\u00e9t\u00e9 intellectuelle<br\/>Toutes les photographies pr\u00e9sentes sur ce site sont la propri\u00e9t\u00e9 exclusive de Guillaume Gendre.<br\/>Toute reproduction, m\u00eame partielle, est interdite sans autorisation \u00e9crite pr\u00e9alable.<\/p>\n\n<p>Cr\u00e9dits<br\/>Photographies : Guillaume Gendre<br\/>D\u00e9veloppement : Guillaume Gendre<\/p>\n\n<p><\/p>\n","protected":false},"excerpt":{"rendered":"<p>\u00c9diteur du siteGuillaume GendreVaud, SwitzerlandContact H\u00e9bergementInfomaniak SARue Eug\u00e8ne-Marziano 251227 Gen\u00e8ve, Suissewww.infomaniak.com Propri\u00e9t\u00e9 intellectuelleToutes les photographies pr\u00e9sentes sur ce site sont la propri\u00e9t\u00e9 exclusive de Guillaume Gendre.Toute reproduction, m\u00eame partielle, est interdite sans autorisation \u00e9crite pr\u00e9alable. Cr\u00e9ditsPhotographies : Guillaume GendreD\u00e9veloppement : Guillaume Gendre<\/p>\n","protected":false},"author":1,"featured_media":0,"parent":0,"menu_order":0,"comment_status":"closed","ping_status":"closed","template":"","meta":{"neve_meta_sidebar":"","neve_meta_container":"","neve_meta_enable_content_width":"","neve_meta_content_width":0,"neve_meta_title_alignment":"","neve_meta_author_avatar":"","neve_post_elements_order":"","neve_meta_disable_header":"","neve_meta_disable_footer":"","neve_meta_disable_title":"","neve_meta_reading_time":"","footnotes":""},"class_list":["post-1015","page","type-page","status-publish","hentry"],"_links":{"self":[{"href":"https:\/\/wanderer.art\/fr\/wp-json\/wp\/v2\/pages\/1015","targetHints":{"allow":["GET"]}}],"collection":[{"href":"https:\/\/wanderer.art\/fr\/wp-json\/wp\/v2\/pages"}],"about":[{"href":"https:\/\/wanderer.art\/fr\/wp-json\/wp\/v2\/types\/page"}],"author":[{"embeddable":true,"href":"https:\/\/wanderer.art\/fr\/wp-json\/wp\/v2\/users\/1"}],"replies":[{"embeddable":true,"href":"https:\/\/wanderer.art\/fr\/wp-json\/wp\/v2\/comments?post=1015"}],"version-history":[{"count":1,"href":"https:\/\/wanderer.art\/fr\/wp-json\/wp\/v2\/pages\/1015\/revisions"}],"predecessor-version":[{"id":1016,"href":"https:\/\/wanderer.art\/fr\/wp-json\/wp\/v2\/pages\/1015\/revisions\/1016"}],"wp:attachment":[{"href":"https:\/\/wanderer.art\/fr\/wp-json\/wp\/v2\/media?parent=1015"}],"curies":[{"name":"wp","href":"https:\/\/api.w.org\/{rel}","templated":true}]}}